{"id":3075,"date":"2017-01-26T08:56:45","date_gmt":"2017-01-26T13:56:45","guid":{"rendered":"http:\/\/themes.themegoods.com\/grandcarrental\/demo\/?page_id=3075"},"modified":"2020-09-30T15:51:23","modified_gmt":"2020-09-30T20:51:23","slug":"estamos-listos-para-atenderter","status":"publish","type":"page","link":"https:\/\/colombiasobreruedas.com\/es\/","title":{"rendered":"Inicio"},"content":{"rendered":"<div  class=\"one withsmallpadding ppb_header \" style=\"text-align:left;padding:30px 0 30px 0;\" >\n<div class=\"standard_wrapper\">\n<div class=\"page_content_wrapper\">\n<div class=\"inner\">\n<div style=\"margin:auto;width:100%\">\n<h2 class=\"ppb_title\" style=\"\">Nuestros Veh\u00edculos <\/h2>\n<\/div>\n<\/div>\n<\/div>\n<\/div>\n<\/div>\n<div  class=\"one withsmallpadding ppb_header \" style=\"text-align:left;padding:30px 0 30px 0;\" >\n<div class=\"standard_wrapper\">\n<div class=\"page_content_wrapper\">\n<div class=\"inner\">\n<div style=\"margin:auto;width:100%\">\n<h2 class=\"ppb_title\" style=\"\">Nuestros Veh\u00edculos <\/h2>\n<\/div>\n<\/div>\n<\/div>\n<\/div>\n<\/div>\n<div  class=\"one withsmallpadding ppb_header_youtube withbg parallax\"  style=\"text-align:left;padding:30px 0 30px 0;\" >\n<div class=\"overlay_background\" style=\"background:#000000;background:rgb(0,0,0,1);background:rgba(0,0,0,1);\"><\/div>\n<div class=\"standard_wrapper\">\n<div class=\"page_content_wrapper\">\n<div class=\"inner\">\n<div style=\"margin:auto;width:100%\">\n<h2 class=\"ppb_title\" style=\"\">Nuestros veh\u00edculos, tus veh\u00edculos<\/h2>\n<div class=\"ppb_header_content\">\n<p><span style=\"font-size: 32px;\">Atenci\u00f3n al cliente 24\/7<\/span><br \/>\n<span style=\"font-size: 32px;\">Ll\u00e1manos (+57) 3187447878<\/span><\/p>\n<p><a class=\"button\" href=\"https:\/\/colombiasobreruedas.com\/es\/contacto\/\">Cotizar<\/a><\/p>\n<\/div>\n<\/div>\n<\/div>\n<\/div>\n<\/div>\n<\/div>\n<div  class=\"one withsmallpadding ppb_header \" style=\"text-align:left;padding:30px 0 30px 0;\" >\n<div class=\"standard_wrapper\">\n<div class=\"page_content_wrapper\">\n<div class=\"inner\">\n<div style=\"margin:auto;width:100%\">\n<h2 class=\"ppb_title\" style=\"\">Por qu\u00e9 elegirnos<\/h2>\n<\/div>\n<\/div>\n<\/div>\n<\/div>\n<\/div>\n<div  class=\"one withsmallpadding ppb_text\" style=\"text-align:left;padding:30px 0 30px 0;\" >\n<div class=\"standard_wrapper\">\n<div class=\"page_content_wrapper\">\n<div class=\"inner\">\n<div style=\"margin:auto;width:100%\">\n<div class=\"one_third \" style=\"\">\n<span class=\"ti-car\" style=\"display: block; font-size: 50px; margin-bottom: 20px;\">\u00a0<\/span><\/p>\n<h4 style=\"color: #fff;\">Variedad de marcas<br \/>\n<\/h4>\n<p>Tenemos autom\u00f3viles de diferentes marcas y tipos para que pueda elegir seg\u00fan su necesidad<\/p>\n<\/div>\n<div class=\"one_third \" style=\"\">\n<span class=\"ti-face-smile\" style=\"display: block; font-size: 50px; margin-bottom: 20px;\">\u00a0<\/span><\/p>\n<h4 style=\"color: #fff;\">Mejor tarifa garantizada<\/h4>\n<p>Beneficio econ\u00f3mico garantizado con las mejores tarifas del mercado<\/p>\n<\/div>\n<div class=\"one_third last \" style=\"\">\n<span class=\"ti-heart\" style=\"display: block; font-size: 50px; margin-bottom: 20px;\">\u00a0<\/span><\/p>\n<h4 style=\"color: #fff;\">Excelente atenci\u00f3n al cliente<\/h4>\n<p>Asistencia 24 horas y constante comunicaci\u00f3n con el cliente\n<\/p>\n<\/div>\n<p><br class=\"clear\"\/><\/p>\n<\/div>\n<\/div>\n<\/div>\n<\/div>\n<\/div>\n","protected":false},"excerpt":{"rendered":"<p>Nuestros Veh\u00edculos Nuestros Veh\u00edculos Nuestros veh\u00edculos, tus veh\u00edculos Atenci\u00f3n al cliente 24\/7 Ll\u00e1manos (+57) 3187447878 Cotizar Por qu\u00e9 elegirnos \u00a0 Variedad de marcas Tenemos autom\u00f3viles de diferentes marcas y tipos para que pueda elegir seg\u00fan su necesidad \u00a0 Mejor tarifa [&hellip;]<\/p>\n","protected":false},"author":1,"featured_media":0,"parent":0,"menu_order":0,"comment_status":"closed","ping_status":"closed","template":"","meta":{"_joinchat":[],"footnotes":""},"class_list":["post-3075","page","type-page","status-publish","hentry"],"_links":{"self":[{"href":"https:\/\/colombiasobreruedas.com\/es\/wp-json\/wp\/v2\/pages\/3075","targetHints":{"allow":["GET"]}}],"collection":[{"href":"https:\/\/colombiasobreruedas.com\/es\/wp-json\/wp\/v2\/pages"}],"about":[{"href":"https:\/\/colombiasobreruedas.com\/es\/wp-json\/wp\/v2\/types\/page"}],"author":[{"embeddable":true,"href":"https:\/\/colombiasobreruedas.com\/es\/wp-json\/wp\/v2\/users\/1"}],"replies":[{"embeddable":true,"href":"https:\/\/colombiasobreruedas.com\/es\/wp-json\/wp\/v2\/comments?post=3075"}],"version-history":[{"count":0,"href":"https:\/\/colombiasobreruedas.com\/es\/wp-json\/wp\/v2\/pages\/3075\/revisions"}],"wp:attachment":[{"href":"https:\/\/colombiasobreruedas.com\/es\/wp-json\/wp\/v2\/media?parent=3075"}],"curies":[{"name":"wp","href":"https:\/\/api.w.org\/{rel}","templated":true}]}}