{"id":2736,"date":"2017-01-26T07:46:45","date_gmt":"2017-01-26T12:46:45","guid":{"rendered":"http:\/\/themes.themegoods.com\/grandcarrental\/demo\/?page_id=2736"},"modified":"2020-07-09T22:17:38","modified_gmt":"2020-07-10T03:17:38","slug":"about-us","status":"publish","type":"page","link":"https:\/\/colombiasobreruedas.com\/es\/nosotros\/","title":{"rendered":"Nosotros"},"content":{"rendered":"<div  class=\"one withsmallpadding ppb_text\" style=\"text-align:left;padding:30px 0 30px 0;\" >\n<div class=\"standard_wrapper\">\n<div class=\"page_content_wrapper\">\n<div class=\"inner\">\n<div style=\"margin:auto;width:100%\">\n<div class=\"one_third \" style=\"\">\n<h4 style=\"color: #5856d6;\">Nuestra Empresa<\/h4>\n<p>Somos una empresa de la ciudad de Cartago que cuenta con mas de diez a\u00f1os de permanencia en toda la regi\u00f3n, que se dedica al alquiler de todo tipo de veh\u00edculos.<\/p>\n<p style=\"text-align: center;\">Asistencia 24 horas<br \/>\nKilometraje Libre<br \/>\nAutom\u00f3viles y Camionetas de 5 hasta 7 pasajeros<br \/>\nLos mejores precios de la regi\u00f3n<br \/>\nComunicaci\u00f3n constante con nuestros viajeros<\/p>\n<\/div>\n<div class=\"one_third \" style=\"\">\n<h4 style=\"color: #5856d6;\">Misi\u00f3n<\/h4>\n<p>Somos una empresa que se dedica al alquiler de veh\u00edculos de todas las gamas, actuando con responsabilidad generamos dinamismo econ\u00f3mico para la regi\u00f3n.<\/p>\n<h4 style=\"color: #5856d6;\">Visi\u00f3n<\/h4>\n<p>Para el 2022 CSR ser\u00e1 la empresa de alquler de veh\u00edculos mas s\u00f3lida de la regi\u00f3n, basados en el trabajo con compromiso, calidad y resposabilidad.<\/p>\n<\/div>\n<div class=\"one_third last \" style=\"\">\n<h4 style=\"color: #5856d6;\">Valores corporativos<\/h4>\n<p>Nuestros principales valores son responsabilidad, honestidad, innovaci\u00f3n, calidad en el servicio y la mejora continua.<\/p>\n<h4 style=\"color: #5856d6;\">Pol\u00edtica de Calidad<\/h4>\n<p>Nuestro compromiso es mejorar continuamente cada uno de las lineas de negocio, por medio de un grupo humano competente que mantiene altos niveles de calidad y servicio en el alquiler de veh\u00edculos.<br \/>\nContamos con veh\u00edculos que garantizan seguridad a nuestros clientes, respaldados por un estricto control de mantenimientos y un alto nivel \u00e9tico.<\/p>\n<\/div>\n<p><br class=\"clear\"\/><\/p>\n<\/div>\n<\/div>\n<\/div>\n<\/div>\n<\/div>\n<div  class=\"one withsmallpadding ppb_text\" style=\"text-align:left;padding:30px 0 30px 0;\" >\n<div class=\"standard_wrapper\">\n<div class=\"page_content_wrapper\">\n<div class=\"inner\">\n<div style=\"margin:auto;width:100%\">\n<div class=\"one_third \" style=\"\">\n<span class=\"ti-car\" style=\"display: block; font-size: 50px; margin-bottom: 20px;\">\u00a0<\/span><\/p>\n<h4 style=\"color: #fff;\">Variedad de marcas<\/h4>\n<p>Tenemos autom\u00f3viles de diferentes marcas y tipos para que pueda elegir seg\u00fan su necesidad<\/p>\n<\/div>\n<div class=\"one_third \" style=\"\">\n<span class=\"ti-face-smile\" style=\"display: block; font-size: 50px; margin-bottom: 20px;\">\u00a0<\/span><\/p>\n<h4 style=\"color: #fff;\">Mejor tarifa garantizada<\/h4>\n<p>Beneficio econ\u00f3mico garantizado con las mejores tarifas del mercado<\/p>\n<\/div>\n<div class=\"one_third last \" style=\"\">\n<span class=\"ti-heart\" style=\"display: block; font-size: 50px; margin-bottom: 20px;\">\u00a0<\/span><\/p>\n<h4 style=\"color: #fff;\">Excelente atenci\u00f3n al cliente<\/h4>\n<p>Asistencia 24 horas y constante comunicaci\u00f3n con el cliente\n<\/p>\n<\/div>\n<p><br class=\"clear\"\/><\/p>\n<\/div>\n<\/div>\n<\/div>\n<\/div>\n<\/div>\n<div  class=\"one withsmallpadding ppb_header \" style=\"text-align:left;padding:30px 0 30px 0;\" >\n<div class=\"standard_wrapper\">\n<div class=\"page_content_wrapper\">\n<div class=\"inner\">\n<div style=\"margin:auto;width:100%\">\n<h2 class=\"ppb_title\" style=\"\">Nuestros Clientes Opinan<\/h2>\n<\/div>\n<\/div>\n<\/div>\n<\/div>\n<\/div>\n<div  class=\"one withsmallpadding ppb_header \" style=\"text-align:left;padding:30px 0 30px 0;\" >\n<div class=\"standard_wrapper\">\n<div class=\"page_content_wrapper\">\n<div class=\"inner\">\n<div style=\"margin:auto;width:100%\">\n<h2 class=\"ppb_title\" style=\"\">Nuestros Clientes Opinan<\/h2>\n<\/div>\n<\/div>\n<\/div>\n<\/div>\n<\/div>\n","protected":false},"excerpt":{"rendered":"<p>Nuestra Empresa Somos una empresa de la ciudad de Cartago que cuenta con mas de diez a\u00f1os de permanencia en toda la regi\u00f3n, que se dedica al alquiler de todo tipo de veh\u00edculos. Asistencia 24 horas Kilometraje Libre Autom\u00f3viles y [&hellip;]<\/p>\n","protected":false},"author":1,"featured_media":3836,"parent":0,"menu_order":0,"comment_status":"closed","ping_status":"closed","template":"","meta":{"_joinchat":[],"footnotes":""},"class_list":["post-2736","page","type-page","status-publish","has-post-thumbnail","hentry"],"_links":{"self":[{"href":"https:\/\/colombiasobreruedas.com\/es\/wp-json\/wp\/v2\/pages\/2736","targetHints":{"allow":["GET"]}}],"collection":[{"href":"https:\/\/colombiasobreruedas.com\/es\/wp-json\/wp\/v2\/pages"}],"about":[{"href":"https:\/\/colombiasobreruedas.com\/es\/wp-json\/wp\/v2\/types\/page"}],"author":[{"embeddable":true,"href":"https:\/\/colombiasobreruedas.com\/es\/wp-json\/wp\/v2\/users\/1"}],"replies":[{"embeddable":true,"href":"https:\/\/colombiasobreruedas.com\/es\/wp-json\/wp\/v2\/comments?post=2736"}],"version-history":[{"count":0,"href":"https:\/\/colombiasobreruedas.com\/es\/wp-json\/wp\/v2\/pages\/2736\/revisions"}],"wp:featuredmedia":[{"embeddable":true,"href":"https:\/\/colombiasobreruedas.com\/es\/wp-json\/wp\/v2\/media\/3836"}],"wp:attachment":[{"href":"https:\/\/colombiasobreruedas.com\/es\/wp-json\/wp\/v2\/media?parent=2736"}],"curies":[{"name":"wp","href":"https:\/\/api.w.org\/{rel}","templated":true}]}}