{"id":2650,"date":"2017-01-24T09:16:52","date_gmt":"2017-01-24T09:16:52","guid":{"rendered":"http:\/\/themes.themegoods.com\/grandcarrental\/demo\/?page_id=2650"},"modified":"2020-04-19T14:32:39","modified_gmt":"2020-04-19T19:32:39","slug":"faqs","status":"publish","type":"page","link":"https:\/\/colombiasobreruedas.com\/es\/faqs\/","title":{"rendered":"FAQs"},"content":{"rendered":"<p><\/p>\n<h3>Preguntas Frecuentes<\/h3>\n<div class=\"pp_accordion_close has_icon\">\n<h3><a href=\"#\">\u00bfDonde me entregan el veh\u00edculo?<\/a><\/h3>\n<div>\n<p>Tenemos oficina en Pereira y Cartago o entregamos en aeropuerto u domicilio Armenia, Bogot\u00e1, Cali, Manizales, Medell\u00edn y Santa Rosa de Cabal.<\/p>\n<\/div>\n<\/div>\n<div class=\"pp_accordion_close has_icon\">\n<h3><a href=\"#\">\u00bfC\u00faales son los requisitos para alquilar?<\/a><\/h3>\n<div>\n<p>C\u00e9dula o pasaporte, Licencia vigente, Tarjeta de cr\u00e9dito con cupo disponible de 1.500.000 para deposito<\/p>\n<\/div>\n<\/div>\n<div class=\"pp_accordion_close has_icon\">\n<h3><a href=\"#\">\u00bfCon cuanto tiempo de anterioridad debo reservar el veh\u00edculo?<\/a><\/h3>\n<div>\n<p>Se puede reservar con el tiempo que desee. S\u00f3lo se quedar\u00eda pendiente la disponibilidad del veh\u00edculo para cuando decida hacerla.<\/p>\n<\/div>\n<\/div>\n<div class=\"pp_accordion_close has_icon\">\n<h3><a href=\"#\">\u00bfQue se debe hacer en caso de alguna emergencia?<\/a><\/h3>\n<div>\n<p>Nuestra empresa ofrece a sus clientes una asistencia 24 horas. En caso de alg\u00fan evento relacionado con el veh\u00edculo te debes comunicar con los n\u00fameros de la empresa 3187447878 o 3175155512.<\/p>\n<\/div>\n<\/div>\n<p>&nbsp;<\/p>\n<div class=\"one ppb_fullwidth_button\" style=\"background-color: #5856d6; text-align: left; padding: 30px 30px 30px 30px;\">\n<div class=\"standard_wrapper\">\n<h4>DEJA QUE CAMBIEMOS TU MANERA DE VER NUESTRO PA\u00cdS!!!<\/h4>\n<h1 class=\"title\">Colombia espera por ti, Muchos Kil\u00f3metros por recorrer.<\/h1>\n<p><a class=\"button\" href=\"https:\/\/colombiasobreruedas.com\/contacto\/\">Reserva<\/a><\/p>\n<\/div>\n<\/div>\n<p><\/p>","protected":false},"excerpt":{"rendered":"<p>Preguntas Frecuentes &nbsp; DEJA QUE CAMBIEMOS TU MANERA DE VER NUESTRO PA\u00cdS!!! Colombia espera por ti, Muchos Kil\u00f3metros por recorrer. Reserva<\/p>\n","protected":false},"author":1,"featured_media":3818,"parent":0,"menu_order":0,"comment_status":"closed","ping_status":"closed","template":"","meta":{"_joinchat":[],"footnotes":""},"class_list":["post-2650","page","type-page","status-publish","has-post-thumbnail","hentry"],"_links":{"self":[{"href":"https:\/\/colombiasobreruedas.com\/es\/wp-json\/wp\/v2\/pages\/2650","targetHints":{"allow":["GET"]}}],"collection":[{"href":"https:\/\/colombiasobreruedas.com\/es\/wp-json\/wp\/v2\/pages"}],"about":[{"href":"https:\/\/colombiasobreruedas.com\/es\/wp-json\/wp\/v2\/types\/page"}],"author":[{"embeddable":true,"href":"https:\/\/colombiasobreruedas.com\/es\/wp-json\/wp\/v2\/users\/1"}],"replies":[{"embeddable":true,"href":"https:\/\/colombiasobreruedas.com\/es\/wp-json\/wp\/v2\/comments?post=2650"}],"version-history":[{"count":0,"href":"https:\/\/colombiasobreruedas.com\/es\/wp-json\/wp\/v2\/pages\/2650\/revisions"}],"wp:featuredmedia":[{"embeddable":true,"href":"https:\/\/colombiasobreruedas.com\/es\/wp-json\/wp\/v2\/media\/3818"}],"wp:attachment":[{"href":"https:\/\/colombiasobreruedas.com\/es\/wp-json\/wp\/v2\/media?parent=2650"}],"curies":[{"name":"wp","href":"https:\/\/api.w.org\/{rel}","templated":true}]}}