{"id":2633,"date":"2017-01-24T09:05:32","date_gmt":"2017-01-24T09:05:32","guid":{"rendered":"http:\/\/themes.themegoods.com\/grandcarrental\/demo\/?page_id=2633"},"modified":"2020-07-09T22:16:26","modified_gmt":"2020-07-10T03:16:26","slug":"contact-us","status":"publish","type":"page","link":"https:\/\/colombiasobreruedas.com\/es\/contacto\/","title":{"rendered":"Contacto"},"content":{"rendered":"<div class=\"standard_wrapper\">\n<div  class=\"one_half withsmallpadding ppb_text\" style=\"text-align:left;padding:30px 0 30px 0;\" >\n<div class=\"standard_wrapper\">\n<div class=\"page_content_wrapper\">\n<div class=\"inner\">\n<div style=\"margin:auto;width:100%\">\n<h4 style=\"font-weight: 300; color: #444444;\">Reserva ahora<\/h4>\n<div role=\"form\" class=\"wpcf7\" id=\"wpcf7-f161-o3\" lang=\"en-US\" dir=\"ltr\">\n<div class=\"screen-reader-response\" role=\"alert\" aria-live=\"polite\"><\/div>\n<form action=\"\/wp-admin\/post.php#wpcf7-f161-o3\" method=\"post\" class=\"wpcf7-form init\" novalidate=\"novalidate\">\n<div style=\"display: none;\">\n<input type=\"hidden\" name=\"_wpcf7\" value=\"161\" \/><br \/>\n<input type=\"hidden\" name=\"_wpcf7_version\" value=\"5.2\" \/><br \/>\n<input type=\"hidden\" name=\"_wpcf7_locale\" value=\"en_US\" \/><br \/>\n<input type=\"hidden\" name=\"_wpcf7_unit_tag\" value=\"wpcf7-f161-o3\" \/><br \/>\n<input type=\"hidden\" name=\"_wpcf7_container_post\" value=\"0\" \/><br \/>\n<input type=\"hidden\" name=\"_wpcf7_posted_data_hash\" value=\"\" \/>\n<\/div>\n<p><label> Nombre<br \/>\n    <span class=\"wpcf7-form-control-wrap your-name\"><input type=\"text\" name=\"your-name\" value=\"\" size=\"40\" class=\"wpcf7-form-control wpcf7-text wpcf7-validates-as-required\" aria-required=\"true\" aria-invalid=\"false\" placeholder=\"Nombre Apellido\" \/><\/span> <\/label><\/p>\n<p><label> Correo electr\u00f3nico<br \/>\n    <span class=\"wpcf7-form-control-wrap your-email\"><input type=\"email\" name=\"your-email\" value=\"\" size=\"40\" class=\"wpcf7-form-control wpcf7-text wpcf7-email wpcf7-validates-as-required wpcf7-validates-as-email\" aria-required=\"true\" aria-invalid=\"false\" placeholder=\"suemail@correo.com\" \/><\/span> <\/label><\/p>\n<p><label> Tipo veh\u00edculo<br \/>\n    <span class=\"wpcf7-form-control-wrap tipocarro\"><select name=\"tipocarro\" class=\"wpcf7-form-control wpcf7-select wpcf7-validates-as-required\" aria-required=\"true\" aria-invalid=\"false\"><option value=\"Econ\u00f3mico\">Econ\u00f3mico<\/option><option value=\"Compacto\">Compacto<\/option><option value=\"Sed\u00e1n\">Sed\u00e1n<\/option><option value=\"Camioneta\">Camioneta<\/option><\/select><\/span> <\/label><\/p>\n<p><label> Ciudad<br \/>\n    <span class=\"wpcf7-form-control-wrap City\"><input type=\"text\" name=\"City\" value=\"\" size=\"40\" class=\"wpcf7-form-control wpcf7-text wpcf7-validates-as-required\" aria-required=\"true\" aria-invalid=\"false\" placeholder=\"Ciudad\" \/><\/span> <\/label><\/p>\n<p><label> Fecha recogida<br \/>\n<span class=\"wpcf7-form-control-wrap pickup-date\"><input type=\"date\" name=\"pickup-date\" value=\"mm\/dd\/yyyy\" class=\"wpcf7-form-control wpcf7-date wpcf7-validates-as-required wpcf7-validates-as-date\" aria-required=\"true\" aria-invalid=\"false\" \/><\/span> <\/label><\/p>\n<p><label> Hora recogida<br \/>\n<span class=\"wpcf7-form-control-wrap pickup-time\"><select name=\"pickup-time\" class=\"wpcf7-form-control wpcf7-select wpcf7-validates-as-required\" aria-required=\"true\" aria-invalid=\"false\"><option value=\"\">&#8212;<\/option><option value=\"1:00\">1:00<\/option><option value=\"1:30\">1:30<\/option><option value=\"2:00\">2:00<\/option><option value=\"2:30\">2:30<\/option><option value=\"3:00\">3:00<\/option><option value=\"3:30\">3:30<\/option><option value=\"5:00\">5:00<\/option><option value=\"5:30\">5:30<\/option><option value=\"6:00\">6:00<\/option><option value=\"6:30\">6:30<\/option><option value=\"7:00\">7:00<\/option><option value=\"7:30\">7:30<\/option><option value=\"8:00\">8:00<\/option><option value=\"8:30\">8:30<\/option><option value=\"9:00\">9:00<\/option><option value=\"9:30\">9:30<\/option><option value=\"10:00\">10:00<\/option><option value=\"10:30\">10:30<\/option><option value=\"11:00\">11:00<\/option><option value=\"11:30\">11:30<\/option><option value=\"12:00\">12:00<\/option><option value=\"12:30\">12:30<\/option><option value=\"13:00\">13:00<\/option><option value=\"13:30\">13:30<\/option><option value=\"14:00\">14:00<\/option><option value=\"14:30\">14:30<\/option><option value=\"15:00\">15:00<\/option><option value=\"15:30\">15:30<\/option><option value=\"16:00\">16:00<\/option><option value=\"16:30\">16:30<\/option><option value=\"17:00\">17:00<\/option><option value=\"17:30\">17:30<\/option><option value=\"18:00\">18:00<\/option><option value=\"18:30\">18:30<\/option><option value=\"19:00\">19:00<\/option><option value=\"19:30\">19:30<\/option><option value=\"20:00\">20:00<\/option><option value=\"20:30\">20:30<\/option><option value=\"21:00\">21:00<\/option><option value=\"21:30\">21:30<\/option><option value=\"22:00\">22:00<\/option><option value=\"22:30\">22:30<\/option><option value=\"23:00\">23:00<\/option><option value=\"23:30\">23:30<\/option><option value=\"24:00\">24:00<\/option><option value=\"24:30\">24:30<\/option><\/select><\/span> <\/label><span class=\"wpcf7-form-control-wrap dynamictitle\"><input type=\"hidden\" name=\"dynamictitle\" value=\"Contacto\" size=\"40\" class=\"wpcf7-form-control wpcf7dtx-dynamictext wpcf7-dynamichidden\" aria-invalid=\"false\" \/><\/span><span class=\"wpcf7-form-control-wrap dynamicurl\"><input type=\"hidden\" name=\"dynamicurl\" value=\"https:\/\/colombiasobreruedas.com:443\/wp-admin\/post.php\" size=\"40\" class=\"wpcf7-form-control wpcf7dtx-dynamictext wpcf7-dynamichidden\" aria-invalid=\"false\" \/><\/span><\/p>\n<p><input type=\"submit\" value=\"Enviar\" class=\"wpcf7-form-control wpcf7-submit\" \/><\/p>\n<div class=\"wpcf7-response-output\" role=\"alert\" aria-hidden=\"true\"><\/div>\n<\/form>\n<\/div>\n<\/div>\n<\/div>\n<\/div>\n<\/div>\n<\/div>\n<\/div>\n<div class=\"standard_wrapper\">\n<div  class=\"one_half last withsmallpadding ppb_text\" style=\"text-align:left;padding:30px 0 30px 0;\" >\n<div class=\"standard_wrapper\">\n<div class=\"page_content_wrapper\">\n<div class=\"inner\">\n<div style=\"margin:auto;width:100%\">\n<h4 style=\"font-weight: 300; color: #ffffff;\">Alguna Pregunta? Env\u00edenos su mensaje<\/h4>\n<div role=\"form\" class=\"wpcf7\" id=\"wpcf7-f2465-o4\" lang=\"en-US\" dir=\"ltr\">\n<div class=\"screen-reader-response\" role=\"alert\" aria-live=\"polite\"><\/div>\n<form action=\"\/wp-admin\/post.php#wpcf7-f2465-o4\" method=\"post\" class=\"wpcf7-form init\" novalidate=\"novalidate\">\n<div style=\"display: none;\">\n<input type=\"hidden\" name=\"_wpcf7\" value=\"2465\" \/><br \/>\n<input type=\"hidden\" name=\"_wpcf7_version\" value=\"5.2\" \/><br \/>\n<input type=\"hidden\" name=\"_wpcf7_locale\" value=\"en_US\" \/><br \/>\n<input type=\"hidden\" name=\"_wpcf7_unit_tag\" value=\"wpcf7-f2465-o4\" \/><br \/>\n<input type=\"hidden\" name=\"_wpcf7_container_post\" value=\"0\" \/><br \/>\n<input type=\"hidden\" name=\"_wpcf7_posted_data_hash\" value=\"\" \/>\n<\/div>\n<p><label> Nombre*<br \/>\n    <span class=\"wpcf7-form-control-wrap your-name\"><input type=\"text\" name=\"your-name\" value=\"\" size=\"40\" class=\"wpcf7-form-control wpcf7-text wpcf7-validates-as-required\" aria-required=\"true\" aria-invalid=\"false\" \/><\/span> <\/label><\/p>\n<p><label> Correo electr\u00f3nico*<br \/>\n    <span class=\"wpcf7-form-control-wrap your-email\"><input type=\"email\" name=\"your-email\" value=\"\" size=\"40\" class=\"wpcf7-form-control wpcf7-text wpcf7-email wpcf7-validates-as-required wpcf7-validates-as-email\" aria-required=\"true\" aria-invalid=\"false\" \/><\/span> <\/label><\/p>\n<p><label> Asunto<br \/>\n    <span class=\"wpcf7-form-control-wrap your-subject\"><input type=\"text\" name=\"your-subject\" value=\"\" size=\"40\" class=\"wpcf7-form-control wpcf7-text\" aria-invalid=\"false\" \/><\/span> <\/label><\/p>\n<p><label> Mensaje<br \/>\n    <span class=\"wpcf7-form-control-wrap your-message\"><textarea name=\"your-message\" cols=\"40\" rows=\"10\" class=\"wpcf7-form-control wpcf7-textarea\" aria-invalid=\"false\"><\/textarea><\/span> <\/label><\/p>\n<p><input type=\"submit\" value=\"Enviar\" class=\"wpcf7-form-control wpcf7-submit\" \/><\/p>\n<div class=\"wpcf7-response-output\" role=\"alert\" aria-hidden=\"true\"><\/div>\n<\/form>\n<\/div>\n<\/div>\n<\/div>\n<\/div>\n<\/div>\n<\/div>\n<\/div>\n<div  class=\"one withsmallpadding ppb_text\" style=\"text-align:left;padding:30px 0 30px 0;\" >\n<div class=\"standard_wrapper\">\n<div class=\"page_content_wrapper\">\n<div class=\"inner\">\n<div style=\"margin:auto;width:100%\">\n<h4 class=\"p1\"><span class=\"s1\"><b>Si algo bueno te pasa, viaja para celebrar. Si algo malo te pasa, viaja para olvidar. Si nada te pasa, viaja para que algo pase<\/b><\/span><\/h4>\n<div style=\"margin-top: 30px;\">\n<div class=\"social_wrapper shortcode dark \">\n<ul>\n<li class=\"facebook\"><a target=\"_blank\" title=\"Facebook\" href=\"https:\/\/www.facebook.com\/Rentacarcolombiasobreruedas\/\" rel=\"noopener noreferrer\"><i class=\"fa fa-facebook\"><\/i><\/a><\/li>\n<li class=\"twitter\"><a target=\"_blank\" title=\"Twitter\" href=\"https:\/\/twitter.com\/rentacarcsr\" rel=\"noopener noreferrer\"><i class=\"fa fa-twitter\"><\/i><\/a><\/li>\n<li class=\"youtube\"><a target=\"_blank\" title=\"Youtube\" href=\"https:\/\/www.youtube.com\/channel\/UCeEXh4pvKZf0-KPP9f7zZSQ\/videos\" rel=\"noopener noreferrer\"><i class=\"fa fa-youtube\"><\/i><\/a><\/li>\n<li class=\"linkedin\"><a target=\"_blank\" title=\"Linkedin\" href=\"https:\/\/www.linkedin.com\/in\/colombia-sobre-ruedas-rent-a-car-34526919b\" rel=\"noopener noreferrer\"><i class=\"fa fa-linkedin\"><\/i><\/a><\/li>\n<li class=\"instagram\"><a target=\"_blank\" title=\"Instagram\" href=\"https:\/\/instagram.com\/rentacar_colombia_sobre_ruedas\" rel=\"noopener noreferrer\"><i class=\"fa fa-instagram\"><\/i><\/a><\/li>\n<\/ul>\n<\/div>\n<\/div>\n<\/div>\n<\/div>\n<\/div>\n<\/div>\n<\/div>\n<div  class=\"one withsmallpadding ppb_text_image \" style=\"text-align:left;padding:30px 0 30px 0;\" >\n<div class=\"overlay_background\" style=\"background:#000000;background:rgb(0,0,0,1);background:rgba(0,0,0,1);\"><\/div>\n<div class=\"standard_wrapper\">\n<div class=\"page_content_wrapper\">\n<div class=\"inner\">\n<div style=\"margin:auto;width:100%\">\n<h3>Colombia Sobre Ruedas Pereira<\/h3>\n<p>Entregas: Aeropuerto Mateca\u00f1a o Av sur # 50 \u2013 03 Paseo de la Castellana Local 16 Piso 2 o domicilio.<br \/>\nPereira, Risaralda.<\/p>\n<p><img loading=\"lazy\" decoding=\"async\" class=\"alignnone size-full wp-image-3882\" src=\"https:\/\/colombiasobreruedas.com\/wp-content\/uploads\/2020\/02\/csr-pereira-540-540.jpg\" alt=\"\" width=\"540\" height=\"540\" \/><\/p>\n<\/div>\n<\/div>\n<\/div>\n<\/div>\n<\/div>\n<div  class=\"one_half_bg last withsmallpadding ppb_text_image \" style=\"text-align:left;padding:30px 0 30px 0;\" >\n<div class=\"overlay_background\" style=\"background:#000000;background:rgb(0,0,0,1);background:rgba(0,0,0,1);\"><\/div>\n<div class=\"page_content_wrapper\">\n<div class=\"inner\">\n<div style=\"margin:auto;width:100%\">\n<h3>Rent a Car Armenia<\/h3>\n<p>Entregas: Aeropuerto el Ed\u00e9n o domicilio.<br \/>\nArmenia, Quind\u00edo.<\/p>\n<p><img loading=\"lazy\" decoding=\"async\" class=\"alignnone size-full wp-image-3910\" src=\"https:\/\/colombiasobreruedas.com\/wp-content\/uploads\/2020\/02\/csr-armenia-540-540.jpg\" alt=\"\" width=\"540\" height=\"540\" \/><\/p>\n<\/div>\n<\/div>\n<\/div>\n<\/div>\n<div  class=\"one_half_bg withsmallpadding ppb_text_image \" style=\"text-align:left;padding:30px 0 30px 0;\" >\n<div class=\"overlay_background\" style=\"background:#000000;background:rgb(0,0,0,1);background:rgba(0,0,0,1);\"><\/div>\n<div class=\"page_content_wrapper\">\n<div class=\"inner\">\n<div style=\"margin:auto;width:100%\">\n<h3>Rent a Car Cartago<\/h3>\n<p>Entregas: Rent a Car Cartago<br \/>\nCalle 12a # 10-40 o domicilio.<br \/>\nCartago, Valle del Cauca.<\/p>\n<p><img loading=\"lazy\" decoding=\"async\" class=\"alignnone size-full wp-image-3913\" src=\"https:\/\/colombiasobreruedas.com\/wp-content\/uploads\/2020\/02\/csr-cartago-540-540.jpg\" alt=\"\" width=\"540\" height=\"541\" \/><\/p>\n<\/div>\n<\/div>\n<\/div>\n<\/div>\n<div  class=\"one_half_bg last withsmallpadding ppb_text_image \" style=\"text-align:left;padding:30px 0 30px 0;\" >\n<div class=\"overlay_background\" style=\"background:#000000;background:rgb(0,0,0,1);background:rgba(0,0,0,1);\"><\/div>\n<div class=\"page_content_wrapper\">\n<div class=\"inner\">\n<div style=\"margin:auto;width:100%\">\n<h3>Rent a Car Manizales<\/h3>\n<p>Entregas: Aeropuerto la Nubia o domicilio.<br \/>\nManizales, Caldas.<\/p>\n<p><img loading=\"lazy\" decoding=\"async\" class=\"alignnone size-full wp-image-3882\" src=\"https:\/\/colombiasobreruedas.com\/wp-content\/uploads\/2020\/02\/csr-manizales-540-540.jpg\" alt=\"\" width=\"540\" height=\"540\" \/><\/p>\n<\/div>\n<\/div>\n<\/div>\n<\/div>\n<div  class=\"one_half_bg withsmallpadding ppb_text_image \" style=\"text-align:left;padding:30px 0 30px 0;\" >\n<div class=\"overlay_background\" style=\"background:#000000;background:rgb(0,0,0,1);background:rgba(0,0,0,1);\"><\/div>\n<div class=\"page_content_wrapper\">\n<div class=\"inner\">\n<div style=\"margin:auto;width:100%\">\n<h3>Rent a Car Santa Rosa de Cabal<\/h3>\n<p>Entregas: Calle 13 # 10-40  o domicilio.<br \/>\nSanta Rosa de Cabal, Risaralda.<\/p>\n<p><img loading=\"lazy\" decoding=\"async\" class=\"alignnone size-full wp-image-3916\" src=\"https:\/\/colombiasobreruedas.com\/wp-content\/uploads\/2020\/02\/csr-santarosadecabal-540-540.jpg\" alt=\"\" width=\"540\" height=\"540\" \/><\/p>\n<\/div>\n<\/div>\n<\/div>\n<\/div>\n","protected":false},"excerpt":{"rendered":"<p>Reserva ahora Nombre Correo electr\u00f3nico Tipo veh\u00edculo Econ\u00f3micoCompactoSed\u00e1nCamioneta Ciudad Fecha recogida Hora recogida &#8212;1:001:302:002:303:003:305:005:306:006:307:007:308:008:309:009:3010:0010:3011:0011:3012:0012:3013:0013:3014:0014:3015:0015:3016:0016:3017:0017:3018:0018:3019:0019:3020:0020:3021:0021:3022:0022:3023:0023:3024:0024:30 Alguna Pregunta? Env\u00edenos su mensaje Nombre* Correo electr\u00f3nico* Asunto Mensaje Si algo bueno te pasa, viaja para celebrar. Si algo malo te pasa, viaja para olvidar. [&hellip;]<\/p>\n","protected":false},"author":1,"featured_media":3814,"parent":0,"menu_order":0,"comment_status":"closed","ping_status":"closed","template":"","meta":{"_joinchat":[],"footnotes":""},"class_list":["post-2633","page","type-page","status-publish","has-post-thumbnail","hentry"],"_links":{"self":[{"href":"https:\/\/colombiasobreruedas.com\/es\/wp-json\/wp\/v2\/pages\/2633","targetHints":{"allow":["GET"]}}],"collection":[{"href":"https:\/\/colombiasobreruedas.com\/es\/wp-json\/wp\/v2\/pages"}],"about":[{"href":"https:\/\/colombiasobreruedas.com\/es\/wp-json\/wp\/v2\/types\/page"}],"author":[{"embeddable":true,"href":"https:\/\/colombiasobreruedas.com\/es\/wp-json\/wp\/v2\/users\/1"}],"replies":[{"embeddable":true,"href":"https:\/\/colombiasobreruedas.com\/es\/wp-json\/wp\/v2\/comments?post=2633"}],"version-history":[{"count":0,"href":"https:\/\/colombiasobreruedas.com\/es\/wp-json\/wp\/v2\/pages\/2633\/revisions"}],"wp:featuredmedia":[{"embeddable":true,"href":"https:\/\/colombiasobreruedas.com\/es\/wp-json\/wp\/v2\/media\/3814"}],"wp:attachment":[{"href":"https:\/\/colombiasobreruedas.com\/es\/wp-json\/wp\/v2\/media?parent=2633"}],"curies":[{"name":"wp","href":"https:\/\/api.w.org\/{rel}","templated":true}]}}