{"id":2431,"date":"2017-01-24T07:50:40","date_gmt":"2017-01-24T07:50:40","guid":{"rendered":"http:\/\/themes.themegoods.com\/grandcarrental\/demo\/?page_id=2431"},"modified":"2020-07-09T22:15:37","modified_gmt":"2020-07-10T03:15:37","slug":"cities","status":"publish","type":"page","link":"https:\/\/colombiasobreruedas.com\/es\/ciudades\/","title":{"rendered":"Ciudades"},"content":{"rendered":"<div  class=\"one withsmallpadding ppb_text\" style=\"text-align:left;padding:30px 0 30px 0;\" >\n<div class=\"standard_wrapper\">\n<div class=\"page_content_wrapper\">\n<div class=\"inner\">\n<div style=\"margin:auto;width:100%\">\n<div class=\"one_half \" style=\"\">\n<div id=\"armenia\">\n<h3>Rent a car Armenia<\/h3>\n<\/div>\n<h5 class=\"space\">Entregas:<\/h5>\n<h5 class=\"space\">Aeropuerto el Ed\u00e9n  o domicilio.<\/h5>\n<h5 class=\"space\">Armenia, Quind\u00edo.<\/h5>\n<\/div>\n<div class=\"one_half last \" style=\"\">\n<img loading=\"lazy\" decoding=\"async\" class=\"alignnone wp-image-3910 size-full\" src=\"https:\/\/colombiasobreruedas.com\/wp-content\/uploads\/2020\/02\/csr-armenia-540-540.jpg\" alt=\"\" width=\"540\" height=\"540\" \/>\n<\/div>\n<p><br class=\"clear\"\/><\/p>\n<\/div>\n<\/div>\n<\/div>\n<\/div>\n<\/div>\n<div  class=\"one withsmallpadding ppb_text\" style=\"text-align:left;padding:30px 0 30px 0;\" >\n<div class=\"standard_wrapper\">\n<div class=\"page_content_wrapper\">\n<div class=\"inner\">\n<div style=\"margin:auto;width:100%\">\n<div class=\"one_half \" style=\"\">\n<div id=\"bogota\">\n<h3>Rent a car Bogot\u00e1<\/h3>\n<\/div>\n<h5 class=\"space\">Entregas:<\/h5>\n<h5 class=\"space\">Aeropuerto el Dorado o domicilio.<\/h5>\n<h5 class=\"space\">Bogot\u00e1, Bogot\u00e1 D.C.<\/h5>\n<\/div>\n<div class=\"one_half last \" style=\"\">\n<img loading=\"lazy\" decoding=\"async\" class=\"alignnone size-full wp-image-3911\" src=\"https:\/\/colombiasobreruedas.com\/wp-content\/uploads\/2020\/02\/csr-bogota-540-540.jpg\" alt=\"\" width=\"540\" height=\"540\" \/>\n<\/div>\n<p><br class=\"clear\"\/><\/p>\n<\/div>\n<\/div>\n<\/div>\n<\/div>\n<\/div>\n<div  class=\"one withsmallpadding ppb_text\" style=\"text-align:left;padding:30px 0 30px 0;\" >\n<div class=\"standard_wrapper\">\n<div class=\"page_content_wrapper\">\n<div class=\"inner\">\n<div style=\"margin:auto;width:100%\">\n<div class=\"one_half \" style=\"\">\n<div id=\"cali\">\n<h3>Rent a car Cali<\/h3>\n<\/div>\n<h5 class=\"space\">Entregas:<br \/>\nAeropuerto Alfonso Bonilla Aragon o domicilio.<\/h5>\n<h5 class=\"space\">Cali, Valle del Cauca.<\/h5>\n<\/div>\n<div class=\"one_half last \" style=\"\">\n<img loading=\"lazy\" decoding=\"async\" class=\"alignnone size-full wp-image-3912\" src=\"https:\/\/colombiasobreruedas.com\/wp-content\/uploads\/2020\/02\/csr-cali-540-540.jpg\" alt=\"\" width=\"540\" height=\"540\" \/>\n<\/div>\n<p><br class=\"clear\"\/><\/p>\n<\/div>\n<\/div>\n<\/div>\n<\/div>\n<\/div>\n<div  class=\"one withsmallpadding ppb_text\" style=\"text-align:left;padding:30px 0 30px 0;\" >\n<div class=\"standard_wrapper\">\n<div class=\"page_content_wrapper\">\n<div class=\"inner\">\n<div style=\"margin:auto;width:100%\">\n<div class=\"one_half \" style=\"\">\n<div id=\"cartago\">\n<h3>Rent a car Cartago<\/h3>\n<\/div>\n<h5 class=\"space\">Entregas:<br \/>\nCalle 12a # 10-40 o domicilio.<\/h5>\n<h5 class=\"space\">Cartago, Valle del Cauca.<\/h5>\n<\/div>\n<div class=\"one_half last \" style=\"\">\n<img loading=\"lazy\" decoding=\"async\" class=\"alignnone size-full wp-image-3913\" src=\"https:\/\/colombiasobreruedas.com\/wp-content\/uploads\/2020\/02\/csr-cartago-540-540.jpg\" alt=\"\" width=\"540\" height=\"541\" \/>\n<\/div>\n<p><br class=\"clear\"\/><\/p>\n<\/div>\n<\/div>\n<\/div>\n<\/div>\n<\/div>\n<div  class=\"one withsmallpadding ppb_text\" style=\"text-align:left;padding:30px 0 30px 0;\" >\n<div class=\"standard_wrapper\">\n<div class=\"page_content_wrapper\">\n<div class=\"inner\">\n<div style=\"margin:auto;width:100%\">\n<div class=\"one_half \" style=\"\">\n<div id=\"manizales\">\n<h3>Rent a car Manizales<\/h3>\n<\/div>\n<h5 class=\"space\">Entregas:<br \/>\nAeropuerto la Nubia o domicilio.<\/h5>\n<h5 class=\"space\">Manizales, Caldas.<\/h5>\n<\/div>\n<div class=\"one_half last \" style=\"\">\n<img loading=\"lazy\" decoding=\"async\" class=\"alignnone wp-image-3882 size-full\" src=\"https:\/\/colombiasobreruedas.com\/wp-content\/uploads\/2020\/02\/csr-manizales-540-540.jpg\" alt=\"Colombia Sobre Ruedas Armenia Colombia Rent a Car\" width=\"540\" height=\"540\" \/>\n<\/div>\n<p><br class=\"clear\"\/><\/p>\n<\/div>\n<\/div>\n<\/div>\n<\/div>\n<\/div>\n<div  class=\"one withsmallpadding ppb_text\" style=\"text-align:left;padding:30px 0 30px 0;\" >\n<div class=\"standard_wrapper\">\n<div class=\"page_content_wrapper\">\n<div class=\"inner\">\n<div style=\"margin:auto;width:100%\">\n<div class=\"one_half \" style=\"\">\n<div id=\"medellin\">\n<h3>Rent a car Medell\u00edn<\/h3>\n<\/div>\n<h5 class=\"space\">Entregas:<\/h5>\n<h5 class=\"space\">Aeropuerto internacional Olaya Herrera,<br \/>\nAeropuerto internacional Jos\u00e9 Mar\u00eda C\u00f3rdoba &#8211; Rionegro o domicilio.<\/h5>\n<h5 class=\"space\">Medell\u00edn, Antioquia.<\/h5>\n<\/div>\n<div class=\"one_half last \" style=\"\">\n<img loading=\"lazy\" decoding=\"async\" class=\"alignnone size-full wp-image-3914\" src=\"https:\/\/colombiasobreruedas.com\/wp-content\/uploads\/2020\/02\/csr-medellin-540-540.jpg\" alt=\"\" width=\"540\" height=\"540\" \/>\n<\/div>\n<p><br class=\"clear\"\/><\/p>\n<\/div>\n<\/div>\n<\/div>\n<\/div>\n<\/div>\n<div  class=\"one withsmallpadding ppb_text\" style=\"text-align:left;padding:30px 0 30px 0;\" >\n<div class=\"standard_wrapper\">\n<div class=\"page_content_wrapper\">\n<div class=\"inner\">\n<div style=\"margin:auto;width:100%\">\n<div class=\"one_half \" style=\"\">\n<div id=\"pereira\">\n<h3>Rent a car Pereira<\/h3>\n<\/div>\n<h5 class=\"space\">Entregas:<br \/>\nAv sur # 50 &#8211; 03 Paseo de la Castellana Local 16 Piso 2,<br \/>\nAeropuerto Mateca\u00f1a o domicilio.<\/h5>\n<h5 class=\"space\">Pereira, Risaralda.<\/h5>\n<\/div>\n<div class=\"one_half last \" style=\"\">\n<img loading=\"lazy\" decoding=\"async\" class=\"alignnone size-full wp-image-3915\" src=\"https:\/\/colombiasobreruedas.com\/wp-content\/uploads\/2020\/02\/csr-pereira-540-540.jpg\" alt=\"\" width=\"540\" height=\"540\" \/>\n<\/div>\n<p><br class=\"clear\"\/><\/p>\n<\/div>\n<\/div>\n<\/div>\n<\/div>\n<\/div>\n<div  class=\"one withsmallpadding ppb_text\" style=\"text-align:left;padding:30px 0 30px 0;\" >\n<div class=\"standard_wrapper\">\n<div class=\"page_content_wrapper\">\n<div class=\"inner\">\n<div style=\"margin:auto;width:100%\">\n<div class=\"one_half \" style=\"\">\n<div id=\"santarosa\">\n<h3>Rent a car Santa Rosa de Cabal<\/h3>\n<\/div>\n<h5 class=\"space\">Entregas:<br \/>\nCalle 13 # 10-40 o domicilio.<\/h5>\n<h5 class=\"space\">Santa Rosa de Cabal, Risaralda.<\/h5>\n<\/div>\n<div class=\"one_half last \" style=\"\">\n<img loading=\"lazy\" decoding=\"async\" class=\"alignnone size-full wp-image-3916\" src=\"https:\/\/colombiasobreruedas.com\/wp-content\/uploads\/2020\/02\/csr-santarosadecabal-540-540.jpg\" alt=\"\" width=\"540\" height=\"540\" \/>\n<\/div>\n<p><br class=\"clear\"\/><\/p>\n<\/div>\n<\/div>\n<\/div>\n<\/div>\n<\/div>\n","protected":false},"excerpt":{"rendered":"<p>Rent a car Armenia Entregas: Aeropuerto el Ed\u00e9n o domicilio. Armenia, Quind\u00edo. Rent a car Bogot\u00e1 Entregas: Aeropuerto el Dorado o domicilio. Bogot\u00e1, Bogot\u00e1 D.C. Rent a car Cali Entregas: Aeropuerto Alfonso Bonilla Aragon o domicilio. Cali, Valle del Cauca. [&hellip;]<\/p>\n","protected":false},"author":1,"featured_media":3819,"parent":0,"menu_order":0,"comment_status":"closed","ping_status":"closed","template":"","meta":{"_joinchat":[],"footnotes":""},"class_list":["post-2431","page","type-page","status-publish","has-post-thumbnail","hentry"],"_links":{"self":[{"href":"https:\/\/colombiasobreruedas.com\/es\/wp-json\/wp\/v2\/pages\/2431","targetHints":{"allow":["GET"]}}],"collection":[{"href":"https:\/\/colombiasobreruedas.com\/es\/wp-json\/wp\/v2\/pages"}],"about":[{"href":"https:\/\/colombiasobreruedas.com\/es\/wp-json\/wp\/v2\/types\/page"}],"author":[{"embeddable":true,"href":"https:\/\/colombiasobreruedas.com\/es\/wp-json\/wp\/v2\/users\/1"}],"replies":[{"embeddable":true,"href":"https:\/\/colombiasobreruedas.com\/es\/wp-json\/wp\/v2\/comments?post=2431"}],"version-history":[{"count":0,"href":"https:\/\/colombiasobreruedas.com\/es\/wp-json\/wp\/v2\/pages\/2431\/revisions"}],"wp:featuredmedia":[{"embeddable":true,"href":"https:\/\/colombiasobreruedas.com\/es\/wp-json\/wp\/v2\/media\/3819"}],"wp:attachment":[{"href":"https:\/\/colombiasobreruedas.com\/es\/wp-json\/wp\/v2\/media?parent=2431"}],"curies":[{"name":"wp","href":"https:\/\/api.w.org\/{rel}","templated":true}]}}